{"id":2122,"date":"2023-03-30T14:17:52","date_gmt":"2023-03-30T13:17:52","guid":{"rendered":"https:\/\/aml-cfwb.be\/infos-pratiques\/"},"modified":"2024-07-22T09:46:21","modified_gmt":"2024-07-22T08:46:21","slug":"praktische-informatie","status":"publish","type":"page","link":"https:\/\/aml-cfwb.be\/nl\/praktische-informatie\/","title":{"rendered":"Praktische informatie"},"content":{"rendered":"\n\n\n<div class=\"wp-block-group section is-layout-constrained wp-block-group-is-layout-constrained\" data-animate=\"fade-up\">\n<p class=\"has-text-align-center has-h-5-font-size\" style=\"padding-right:15%;padding-left:15%\" data-animate=\"fade-up\">Ces documents proviennent de personnalit\u00e9s ou de collectifs, actifs dans la litt\u00e9rature, le th\u00e9\u00e2tre ou l\u2019\u00e9dition belge francophone, depuis 1830 jusqu\u2019\u00e0 nos jours. A c\u00f4t\u00e9 de ces collections principales, d\u2019autres documents concernent les litt\u00e9ratures francophones, la po\u00e9sie internationale, les litt\u00e9ratures d\u2019Afrique centrale, la diaspora tch\u00e9coslovaque ou encore le patrimoine autobiographique (APA).<\/p>\n<\/div>\n\n\n<img decoding=\"async\" class=\"w-full\" src=\"https:\/\/aml-cfwb.be\/app\/themes\/fources\/public\/images\/angel-up.bc4d12.svg\" alt=\"\">\n<section class=\"block-section-consulter align py-20 bg-light\" data-animate=\"\">\n  <div class=\"container mx-auto px-4\">\n    <div class=\"relative z-10\">\n      <h2 class=\"title-line title-line__gray\" data-animate=\"fade-up\">Consulter &#8211; Emprunter &#8211; Reproduire<\/h2>\n\n      <div data-animate=\"fade-up\" data-delay=\"200\">\n        <p>Sauf rares exceptions, tous les documents peuvent \u00eatre consult\u00e9s sur place, apr\u00e8s inscription et r\u00e9servation aupr\u00e8s du service au lecteur. Si vous souhaitez emprunter des pi\u00e8ces pour une exposition ou demander une num\u00e9risation pour une consultation \u00e0 distance ou une utilisation publique, veuillez compl\u00e9ter le formulaire correspondant.<\/p>\n\n      <\/div>\n    <\/div>\n    <div class=\"grid md:grid-cols-2 gap-4 mt-10\">\n                      <div class=\"card-post\" data-animate=\"fade-up\" data-delay=\"200\">\n          <img loading=\"lazy\" decoding=\"async\" width=\"1500\" height=\"1021\" src=\"https:\/\/aml-cfwb.be\/app\/uploads\/2023\/04\/ML-14679-0002-002_web.jpg\" class=\"attachment-full size-full\" alt=\"\" srcset=\"https:\/\/aml-cfwb.be\/app\/uploads\/2023\/04\/ML-14679-0002-002_web.jpg 1500w, https:\/\/aml-cfwb.be\/app\/uploads\/2023\/04\/ML-14679-0002-002_web-300x204.jpg 300w, https:\/\/aml-cfwb.be\/app\/uploads\/2023\/04\/ML-14679-0002-002_web-1024x697.jpg 1024w, https:\/\/aml-cfwb.be\/app\/uploads\/2023\/04\/ML-14679-0002-002_web-768x523.jpg 768w\" sizes=\"auto, (max-width: 1500px) 100vw, 1500px\" \/>\n          <div class=\"card-post__body\">\n            <h3 class=\"title5\">Consulter<\/h3>\n            <p>Sauf rares exceptions, tous les documents peuvent \u00eatre consult\u00e9s sur place, apr\u00e8s inscription et r\u00e9servation aupr\u00e8s du service au lecteur.<\/p>\n\n                      <\/div>\n        <\/div>\n                      <div class=\"card-post\" data-animate=\"fade-up\" data-delay=\"300\">\n          <img loading=\"lazy\" decoding=\"async\" width=\"1500\" height=\"1021\" src=\"https:\/\/aml-cfwb.be\/app\/uploads\/2023\/04\/ML-14679-0002-002_web.jpg\" class=\"attachment-full size-full\" alt=\"\" srcset=\"https:\/\/aml-cfwb.be\/app\/uploads\/2023\/04\/ML-14679-0002-002_web.jpg 1500w, https:\/\/aml-cfwb.be\/app\/uploads\/2023\/04\/ML-14679-0002-002_web-300x204.jpg 300w, https:\/\/aml-cfwb.be\/app\/uploads\/2023\/04\/ML-14679-0002-002_web-1024x697.jpg 1024w, https:\/\/aml-cfwb.be\/app\/uploads\/2023\/04\/ML-14679-0002-002_web-768x523.jpg 768w\" sizes=\"auto, (max-width: 1500px) 100vw, 1500px\" \/>\n          <div class=\"card-post__body\">\n            <h3 class=\"title5\">Emprunter<\/h3>\n            <p>Sauf rares exceptions, tous les documents peuvent \u00eatre consult\u00e9s sur place, apr\u00e8s inscription et r\u00e9servation aupr\u00e8s du service au lecteur.<\/p>\n\n                      <\/div>\n        <\/div>\n                      <div class=\"card-post\" data-animate=\"fade-up\" data-delay=\"400\">\n          <img loading=\"lazy\" decoding=\"async\" width=\"1500\" height=\"1021\" src=\"https:\/\/aml-cfwb.be\/app\/uploads\/2023\/04\/ML-14679-0002-002_web.jpg\" class=\"attachment-full size-full\" alt=\"\" srcset=\"https:\/\/aml-cfwb.be\/app\/uploads\/2023\/04\/ML-14679-0002-002_web.jpg 1500w, https:\/\/aml-cfwb.be\/app\/uploads\/2023\/04\/ML-14679-0002-002_web-300x204.jpg 300w, https:\/\/aml-cfwb.be\/app\/uploads\/2023\/04\/ML-14679-0002-002_web-1024x697.jpg 1024w, https:\/\/aml-cfwb.be\/app\/uploads\/2023\/04\/ML-14679-0002-002_web-768x523.jpg 768w\" sizes=\"auto, (max-width: 1500px) 100vw, 1500px\" \/>\n          <div class=\"card-post__body\">\n            <h3 class=\"title5\">Reproduire<\/h3>\n            <p>Sauf rares exceptions, tous les documents peuvent \u00eatre consult\u00e9s sur place, apr\u00e8s inscription et r\u00e9servation aupr\u00e8s du service au lecteur.<\/p>\n\n                      <\/div>\n        <\/div>\n          <\/div>\n\n  <\/div>\n<\/section>\n  <img decoding=\"async\" class=\"w-full\" src=\"https:\/\/aml-cfwb.be\/app\/themes\/fources\/public\/images\/angel-down.67362a.svg\" alt=\"\">\n\n\n\n<div class=\"wp-block-columns are-vertically-aligned-center section is-layout-flex wp-container-core-columns-is-layout-9d6595d7 wp-block-columns-is-layout-flex\">\n<div class=\"wp-block-column is-vertically-aligned-center is-layout-flow wp-block-column-is-layout-flow\" data-animate=\"fade-up\">\n<h2 class=\"wp-block-heading title-line has-h-3-font-size\">Donner<\/h2>\n\n\n\n<div style=\"height:30px\" aria-hidden=\"true\" class=\"wp-block-spacer\"><\/div>\n\n\n\n<p>Les collections des AML s\u2019enrichissent constamment de nouveaux dons, essentiels pour l\u2019accroissement du patrimoine. L\u2019institution \u00e9value chaque nouvelle proposition en fonction de sa politique d\u2019acquisition. S\u2019agissant en particulier des livres et des revues, un travail de v\u00e9rification et d\u2019\u00e9valuation des doublons est syst\u00e9matiquement effectu\u00e9 avant toute acceptation<\/p>\n\n\n\n<div class=\"wp-block-buttons is-layout-flex wp-block-buttons-is-layout-flex\">\n<div class=\"wp-block-button is-style-primary\"><a class=\"wp-block-button__link wp-element-button\" href=\"https:\/\/aml.mademo.be\/donner-aux-aml\/\">vers page don<\/a><\/div>\n<\/div>\n<\/div>\n\n\n\n<div class=\"wp-block-column is-vertically-aligned-center is-layout-flow wp-block-column-is-layout-flow\">\n<figure class=\"wp-block-image size-large\"><img loading=\"lazy\" decoding=\"async\" width=\"1024\" height=\"747\" src=\"https:\/\/aml.mademo.be\/app\/uploads\/2023\/03\/archive-donner-1024x747.jpg\" alt=\"\" class=\"wp-image-66\" srcset=\"https:\/\/aml-cfwb.be\/app\/uploads\/2023\/03\/archive-donner-1024x747.jpg 1024w, https:\/\/aml-cfwb.be\/app\/uploads\/2023\/03\/archive-donner-300x219.jpg 300w, https:\/\/aml-cfwb.be\/app\/uploads\/2023\/03\/archive-donner-768x560.jpg 768w, https:\/\/aml-cfwb.be\/app\/uploads\/2023\/03\/archive-donner.jpg 1500w\" sizes=\"auto, (max-width: 1024px) 100vw, 1024px\" \/><\/figure>\n<\/div>\n<\/div>\n","protected":false},"excerpt":{"rendered":"<p>Ces documents proviennent de personnalit\u00e9s ou de collectifs, actifs dans la litt\u00e9rature, le th\u00e9\u00e2tre ou l\u2019\u00e9dition belge francophone, depuis 1830 jusqu\u2019\u00e0 nos jours. A c\u00f4t\u00e9 de ces collections principales, d\u2019autres documents concernent les litt\u00e9ratures francophones, la po\u00e9sie internationale, les litt\u00e9ratures d\u2019Afrique centrale, la diaspora tch\u00e9coslovaque ou encore le patrimoine autobiographique (APA). Donner Les collections des [&hellip;]<\/p>\n","protected":false},"author":1,"featured_media":0,"parent":0,"menu_order":22,"comment_status":"closed","ping_status":"closed","template":"","meta":{"_acf_changed":false,"footnotes":""},"class_list":["post-2122","page","type-page","status-publish","hentry"],"acf":[],"yoast_head":"<!-- This site is optimized with the Yoast SEO plugin v27.3 - https:\/\/yoast.com\/product\/yoast-seo-wordpress\/ -->\n<title>Praktische informatie - Archives et Mus\u00e9e de la Litt\u00e9rature<\/title>\n<meta name=\"description\" content=\"Retrouvez sur cette page les informations pour vous rendre aux Archives et Mus\u00e9e de la Litt\u00e9rature \u00e0 Bruxelles\" \/>\n<meta name=\"robots\" content=\"index, follow, max-snippet:-1, max-image-preview:large, max-video-preview:-1\" \/>\n<link rel=\"canonical\" href=\"https:\/\/aml-cfwb.be\/nl\/praktische-informatie\/\" \/>\n<meta property=\"og:locale\" content=\"nl_NL\" \/>\n<meta property=\"og:type\" content=\"article\" \/>\n<meta property=\"og:title\" content=\"Praktische informatie - Archives et Mus\u00e9e de la Litt\u00e9rature\" \/>\n<meta property=\"og:description\" content=\"Retrouvez sur cette page les informations pour vous rendre aux Archives et Mus\u00e9e de la Litt\u00e9rature \u00e0 Bruxelles\" \/>\n<meta property=\"og:url\" content=\"https:\/\/aml-cfwb.be\/nl\/praktische-informatie\/\" \/>\n<meta property=\"og:site_name\" content=\"Archives et Mus\u00e9e de la Litt\u00e9rature\" \/>\n<meta property=\"article:publisher\" content=\"https:\/\/www.facebook.com\/ArchivesMuseeDeLaLitterature\" \/>\n<meta property=\"article:modified_time\" content=\"2024-07-22T08:46:21+00:00\" \/>\n<meta property=\"og:image\" content=\"https:\/\/aml.mademo.be\/app\/uploads\/2023\/03\/archive-donner-1024x747.jpg\" \/>\n<meta name=\"twitter:card\" content=\"summary_large_image\" \/>\n<meta name=\"twitter:label1\" content=\"Est. reading time\" \/>\n\t<meta name=\"twitter:data1\" content=\"4 minutes\" \/>\n<script type=\"application\/ld+json\" class=\"yoast-schema-graph\">{\"@context\":\"https:\\\/\\\/schema.org\",\"@graph\":[{\"@type\":\"WebPage\",\"@id\":\"https:\\\/\\\/aml-cfwb.be\\\/nl\\\/praktische-informatie\\\/\",\"url\":\"https:\\\/\\\/aml-cfwb.be\\\/nl\\\/praktische-informatie\\\/\",\"name\":\"Praktische informatie - Archives et Mus\u00e9e de la Litt\u00e9rature\",\"isPartOf\":{\"@id\":\"https:\\\/\\\/aml-cfwb.be\\\/nl\\\/#website\"},\"primaryImageOfPage\":{\"@id\":\"https:\\\/\\\/aml-cfwb.be\\\/nl\\\/praktische-informatie\\\/#primaryimage\"},\"image\":{\"@id\":\"https:\\\/\\\/aml-cfwb.be\\\/nl\\\/praktische-informatie\\\/#primaryimage\"},\"thumbnailUrl\":\"https:\\\/\\\/aml.mademo.be\\\/app\\\/uploads\\\/2023\\\/03\\\/archive-donner-1024x747.jpg\",\"datePublished\":\"2023-03-30T13:17:52+00:00\",\"dateModified\":\"2024-07-22T08:46:21+00:00\",\"description\":\"Retrouvez sur cette page les informations pour vous rendre aux Archives et Mus\u00e9e de la Litt\u00e9rature \u00e0 Bruxelles\",\"breadcrumb\":{\"@id\":\"https:\\\/\\\/aml-cfwb.be\\\/nl\\\/praktische-informatie\\\/#breadcrumb\"},\"inLanguage\":\"nl-NL\",\"potentialAction\":[{\"@type\":\"ReadAction\",\"target\":[\"https:\\\/\\\/aml-cfwb.be\\\/nl\\\/praktische-informatie\\\/\"]}]},{\"@type\":\"ImageObject\",\"inLanguage\":\"nl-NL\",\"@id\":\"https:\\\/\\\/aml-cfwb.be\\\/nl\\\/praktische-informatie\\\/#primaryimage\",\"url\":\"https:\\\/\\\/aml.mademo.be\\\/app\\\/uploads\\\/2023\\\/03\\\/archive-donner-1024x747.jpg\",\"contentUrl\":\"https:\\\/\\\/aml.mademo.be\\\/app\\\/uploads\\\/2023\\\/03\\\/archive-donner-1024x747.jpg\"},{\"@type\":\"BreadcrumbList\",\"@id\":\"https:\\\/\\\/aml-cfwb.be\\\/nl\\\/praktische-informatie\\\/#breadcrumb\",\"itemListElement\":[{\"@type\":\"ListItem\",\"position\":1,\"name\":\"Accueil\",\"item\":\"https:\\\/\\\/aml-cfwb.be\\\/nl\\\/\"},{\"@type\":\"ListItem\",\"position\":2,\"name\":\"Praktische informatie\"}]},{\"@type\":\"WebSite\",\"@id\":\"https:\\\/\\\/aml-cfwb.be\\\/nl\\\/#website\",\"url\":\"https:\\\/\\\/aml-cfwb.be\\\/nl\\\/\",\"name\":\"Archives et Mus\u00e9e de la Litt\u00e9rature\",\"description\":\"\",\"publisher\":{\"@id\":\"https:\\\/\\\/aml-cfwb.be\\\/nl\\\/#organization\"},\"potentialAction\":[{\"@type\":\"SearchAction\",\"target\":{\"@type\":\"EntryPoint\",\"urlTemplate\":\"https:\\\/\\\/aml-cfwb.be\\\/nl\\\/?s={search_term_string}\"},\"query-input\":{\"@type\":\"PropertyValueSpecification\",\"valueRequired\":true,\"valueName\":\"search_term_string\"}}],\"inLanguage\":\"nl-NL\"},{\"@type\":\"Organization\",\"@id\":\"https:\\\/\\\/aml-cfwb.be\\\/nl\\\/#organization\",\"name\":\"Archives et Mus\u00e9e de la Litt\u00e9rature\",\"url\":\"https:\\\/\\\/aml-cfwb.be\\\/nl\\\/\",\"logo\":{\"@type\":\"ImageObject\",\"inLanguage\":\"nl-NL\",\"@id\":\"https:\\\/\\\/aml-cfwb.be\\\/nl\\\/#\\\/schema\\\/logo\\\/image\\\/\",\"url\":\"https:\\\/\\\/aml-cfwb.be\\\/\\\/app\\\/uploads\\\/2023\\\/04\\\/logo.svg\",\"contentUrl\":\"https:\\\/\\\/aml-cfwb.be\\\/\\\/app\\\/uploads\\\/2023\\\/04\\\/logo.svg\",\"width\":100,\"height\":71,\"caption\":\"Archives et Mus\u00e9e de la Litt\u00e9rature\"},\"image\":{\"@id\":\"https:\\\/\\\/aml-cfwb.be\\\/nl\\\/#\\\/schema\\\/logo\\\/image\\\/\"},\"sameAs\":[\"https:\\\/\\\/www.facebook.com\\\/ArchivesMuseeDeLaLitterature\",\"https:\\\/\\\/www.instagram.com\\\/archivesetmuseedelalitterature\\\/\",\"https:\\\/\\\/www.youtube.com\\\/channel\\\/UCUjz3KZwsYXJ1E2oJWC_1XA\",\"https:\\\/\\\/vimeo.com\\\/user109204515\",\"https:\\\/\\\/soundcloud.com\\\/user-305226269\"]}]}<\/script>\n<!-- \/ Yoast SEO plugin. -->","yoast_head_json":{"title":"Praktische informatie - Archives et Mus\u00e9e de la Litt\u00e9rature","description":"Retrouvez sur cette page les informations pour vous rendre aux Archives et Mus\u00e9e de la Litt\u00e9rature \u00e0 Bruxelles","robots":{"index":"index","follow":"follow","max-snippet":"max-snippet:-1","max-image-preview":"max-image-preview:large","max-video-preview":"max-video-preview:-1"},"canonical":"https:\/\/aml-cfwb.be\/nl\/praktische-informatie\/","og_locale":"nl_NL","og_type":"article","og_title":"Praktische informatie - Archives et Mus\u00e9e de la Litt\u00e9rature","og_description":"Retrouvez sur cette page les informations pour vous rendre aux Archives et Mus\u00e9e de la Litt\u00e9rature \u00e0 Bruxelles","og_url":"https:\/\/aml-cfwb.be\/nl\/praktische-informatie\/","og_site_name":"Archives et Mus\u00e9e de la Litt\u00e9rature","article_publisher":"https:\/\/www.facebook.com\/ArchivesMuseeDeLaLitterature","article_modified_time":"2024-07-22T08:46:21+00:00","og_image":[{"url":"https:\/\/aml.mademo.be\/app\/uploads\/2023\/03\/archive-donner-1024x747.jpg","type":"","width":"","height":""}],"twitter_card":"summary_large_image","twitter_misc":{"Est. reading time":"4 minutes"},"schema":{"@context":"https:\/\/schema.org","@graph":[{"@type":"WebPage","@id":"https:\/\/aml-cfwb.be\/nl\/praktische-informatie\/","url":"https:\/\/aml-cfwb.be\/nl\/praktische-informatie\/","name":"Praktische informatie - Archives et Mus\u00e9e de la Litt\u00e9rature","isPartOf":{"@id":"https:\/\/aml-cfwb.be\/nl\/#website"},"primaryImageOfPage":{"@id":"https:\/\/aml-cfwb.be\/nl\/praktische-informatie\/#primaryimage"},"image":{"@id":"https:\/\/aml-cfwb.be\/nl\/praktische-informatie\/#primaryimage"},"thumbnailUrl":"https:\/\/aml.mademo.be\/app\/uploads\/2023\/03\/archive-donner-1024x747.jpg","datePublished":"2023-03-30T13:17:52+00:00","dateModified":"2024-07-22T08:46:21+00:00","description":"Retrouvez sur cette page les informations pour vous rendre aux Archives et Mus\u00e9e de la Litt\u00e9rature \u00e0 Bruxelles","breadcrumb":{"@id":"https:\/\/aml-cfwb.be\/nl\/praktische-informatie\/#breadcrumb"},"inLanguage":"nl-NL","potentialAction":[{"@type":"ReadAction","target":["https:\/\/aml-cfwb.be\/nl\/praktische-informatie\/"]}]},{"@type":"ImageObject","inLanguage":"nl-NL","@id":"https:\/\/aml-cfwb.be\/nl\/praktische-informatie\/#primaryimage","url":"https:\/\/aml.mademo.be\/app\/uploads\/2023\/03\/archive-donner-1024x747.jpg","contentUrl":"https:\/\/aml.mademo.be\/app\/uploads\/2023\/03\/archive-donner-1024x747.jpg"},{"@type":"BreadcrumbList","@id":"https:\/\/aml-cfwb.be\/nl\/praktische-informatie\/#breadcrumb","itemListElement":[{"@type":"ListItem","position":1,"name":"Accueil","item":"https:\/\/aml-cfwb.be\/nl\/"},{"@type":"ListItem","position":2,"name":"Praktische informatie"}]},{"@type":"WebSite","@id":"https:\/\/aml-cfwb.be\/nl\/#website","url":"https:\/\/aml-cfwb.be\/nl\/","name":"Archives et Mus\u00e9e de la Litt\u00e9rature","description":"","publisher":{"@id":"https:\/\/aml-cfwb.be\/nl\/#organization"},"potentialAction":[{"@type":"SearchAction","target":{"@type":"EntryPoint","urlTemplate":"https:\/\/aml-cfwb.be\/nl\/?s={search_term_string}"},"query-input":{"@type":"PropertyValueSpecification","valueRequired":true,"valueName":"search_term_string"}}],"inLanguage":"nl-NL"},{"@type":"Organization","@id":"https:\/\/aml-cfwb.be\/nl\/#organization","name":"Archives et Mus\u00e9e de la Litt\u00e9rature","url":"https:\/\/aml-cfwb.be\/nl\/","logo":{"@type":"ImageObject","inLanguage":"nl-NL","@id":"https:\/\/aml-cfwb.be\/nl\/#\/schema\/logo\/image\/","url":"https:\/\/aml-cfwb.be\/\/app\/uploads\/2023\/04\/logo.svg","contentUrl":"https:\/\/aml-cfwb.be\/\/app\/uploads\/2023\/04\/logo.svg","width":100,"height":71,"caption":"Archives et Mus\u00e9e de la Litt\u00e9rature"},"image":{"@id":"https:\/\/aml-cfwb.be\/nl\/#\/schema\/logo\/image\/"},"sameAs":["https:\/\/www.facebook.com\/ArchivesMuseeDeLaLitterature","https:\/\/www.instagram.com\/archivesetmuseedelalitterature\/","https:\/\/www.youtube.com\/channel\/UCUjz3KZwsYXJ1E2oJWC_1XA","https:\/\/vimeo.com\/user109204515","https:\/\/soundcloud.com\/user-305226269"]}]}},"_links":{"self":[{"href":"https:\/\/aml-cfwb.be\/nl\/wp-json\/wp\/v2\/pages\/2122","targetHints":{"allow":["GET"]}}],"collection":[{"href":"https:\/\/aml-cfwb.be\/nl\/wp-json\/wp\/v2\/pages"}],"about":[{"href":"https:\/\/aml-cfwb.be\/nl\/wp-json\/wp\/v2\/types\/page"}],"author":[{"embeddable":true,"href":"https:\/\/aml-cfwb.be\/nl\/wp-json\/wp\/v2\/users\/1"}],"replies":[{"embeddable":true,"href":"https:\/\/aml-cfwb.be\/nl\/wp-json\/wp\/v2\/comments?post=2122"}],"version-history":[{"count":4,"href":"https:\/\/aml-cfwb.be\/nl\/wp-json\/wp\/v2\/pages\/2122\/revisions"}],"predecessor-version":[{"id":2200,"href":"https:\/\/aml-cfwb.be\/nl\/wp-json\/wp\/v2\/pages\/2122\/revisions\/2200"}],"wp:attachment":[{"href":"https:\/\/aml-cfwb.be\/nl\/wp-json\/wp\/v2\/media?parent=2122"}],"curies":[{"name":"wp","href":"https:\/\/api.w.org\/{rel}","templated":true}]}}